{"id":74,"date":"2020-03-24T15:45:18","date_gmt":"2020-03-24T14:45:18","guid":{"rendered":"https:\/\/naratmirak.cz\/?page_id=74"},"modified":"2025-01-17T12:45:36","modified_gmt":"2025-01-17T11:45:36","slug":"okoli","status":"publish","type":"page","link":"https:\/\/naratmirak.cz\/?page_id=74","title":{"rendered":"okoli"},"content":{"rendered":"<p><svg aria-hidden=\"true\" viewBox=\"0 0 576 512\" xmlns=\"http:\/\/www.w3.org\/2000\/svg\"><path d=\"M280.37 148.26L96 300.11V464a16 16 0 0 0 16 16l112.06-.29a16 16 0 0 0 15.92-16V368a16 16 0 0 1 16-16h64a16 16 0 0 1 16 16v95.64a16 16 0 0 0 16 16.05L464 480a16 16 0 0 0 16-16V300L295.67 148.26a12.19 12.19 0 0 0-15.3 0zM571.6 251.47L488 182.56V44.05a12 12 0 0 0-12-12h-56a12 12 0 0 0-12 12v72.61L318.47 43a48 48 0 0 0-61 0L4.34 251.47a12 12 0 0 0-1.6 16.9l25.5 31A12 12 0 0 0 45.15 301l235.22-193.74a12.19 12.19 0 0 1 15.3 0L530.9 301a12 12 0 0 0 16.9-1.6l25.5-31a12 12 0 0 0-1.7-16.93z\"><\/path><\/svg>\t\t\t\t<\/p>\n<h3>\n\t\t\t\t\t\t\tNaRatmirak.cz<br \/>\n\t\t\t\t\t<\/h3>\n<h2>V okol\u00ed se nach\u00e1z\u00ed<\/h2>\n<p>\t\t\t\t<a href=\"https:\/\/bazen.jh.cz\/\" tabindex=\"-1\"><br \/>\n\t\t\t\t<svg aria-hidden=\"true\" viewBox=\"0 0 576 512\" xmlns=\"http:\/\/www.w3.org\/2000\/svg\"><path d=\"M562.1 383.9c-21.5-2.4-42.1-10.5-57.9-22.9-14.1-11.1-34.2-11.3-48.2 0-37.9 30.4-107.2 30.4-145.7-1.5-13.5-11.2-33-9.1-46.7 1.8-38 30.1-106.9 30-145.2-1.7-13.5-11.2-33.3-8.9-47.1 2-15.5 12.2-36 20.1-57.7 22.4-7.9.8-13.6 7.8-13.6 15.7v32.2c0 9.1 7.6 16.8 16.7 16 28.8-2.5 56.1-11.4 79.4-25.9 56.5 34.6 137 34.1 192 0 56.5 34.6 137 34.1 192 0 23.3 14.2 50.9 23.3 79.1 25.8 9.1.8 16.7-6.9 16.7-16v-31.6c.1-8-5.7-15.4-13.8-16.3zm0-144c-21.5-2.4-42.1-10.5-57.9-22.9-14.1-11.1-34.2-11.3-48.2 0-37.9 30.4-107.2 30.4-145.7-1.5-13.5-11.2-33-9.1-46.7 1.8-38 30.1-106.9 30-145.2-1.7-13.5-11.2-33.3-8.9-47.1 2-15.5 12.2-36 20.1-57.7 22.4-7.9.8-13.6 7.8-13.6 15.7v32.2c0 9.1 7.6 16.8 16.7 16 28.8-2.5 56.1-11.4 79.4-25.9 56.5 34.6 137 34.1 192 0 56.5 34.6 137 34.1 192 0 23.3 14.2 50.9 23.3 79.1 25.8 9.1.8 16.7-6.9 16.7-16v-31.6c.1-8-5.7-15.4-13.8-16.3zm0-144C540.6 93.4 520 85.4 504.2 73 490.1 61.9 470 61.7 456 73c-37.9 30.4-107.2 30.4-145.7-1.5-13.5-11.2-33-9.1-46.7 1.8-38 30.1-106.9 30-145.2-1.7-13.5-11.2-33.3-8.9-47.1 2-15.5 12.2-36 20.1-57.7 22.4-7.9.8-13.6 7.8-13.6 15.7v32.2c0 9.1 7.6 16.8 16.7 16 28.8-2.5 56.1-11.4 79.4-25.9 56.5 34.6 137 34.1 192 0 56.5 34.6 137 34.1 192 0 23.3 14.2 50.9 23.3 79.1 25.8 9.1.8 16.7-6.9 16.7-16v-31.6c.1-8-5.7-15.4-13.8-16.3z\"><\/path><\/svg>\t\t\t\t<\/a><\/p>\n<h3>\n\t\t\t\t\t\t<a href=\"https:\/\/bazen.jh.cz\/\" ><br \/>\n\t\t\t\t\t\t\tBaz\u00e9n JH\t\t\t\t\t\t<\/a><br \/>\n\t\t\t\t\t<\/h3>\n<p>\n\t\t\t\t\t\tVzd\u00e1lenost: &lt;10 km<br \/> <br \/>\nv\u00edce na odkaze: <br \/>\n<b>Klikni na ikonku.<\/b>\t\t\t\t\t<\/p>\n<p>\t\t\t\t<a href=\"https:\/\/www.zamek-jindrichuvhradec.cz\/cs\" tabindex=\"-1\"><br \/>\n\t\t\t\t<svg aria-hidden=\"true\" viewBox=\"0 0 512 512\" xmlns=\"http:\/\/www.w3.org\/2000\/svg\"><path d=\"M481.2 64h-106c-14.5 0-26.6 11.8-26.6 26.3v39.6H163.3V90.3c0-14.5-12-26.3-26.6-26.3h-106C16.1 64 4.3 75.8 4.3 90.3v331.4c0 14.5 11.8 26.3 26.6 26.3h450.4c14.8 0 26.6-11.8 26.6-26.3V90.3c-.2-14.5-12-26.3-26.7-26.3zM149.8 355.8c-36.6 0-66.4-29.7-66.4-66.4 0-36.9 29.7-66.6 66.4-66.6 36.9 0 66.6 29.7 66.6 66.6 0 36.7-29.7 66.4-66.6 66.4zm212.4 0c-36.9 0-66.6-29.7-66.6-66.6 0-36.6 29.7-66.4 66.6-66.4 36.6 0 66.4 29.7 66.4 66.4 0 36.9-29.8 66.6-66.4 66.6z\"><\/path><\/svg>\t\t\t\t<\/a><\/p>\n<h3>\n\t\t\t\t\t\t<a href=\"https:\/\/www.zamek-jindrichuvhradec.cz\/cs\" ><br \/>\n\t\t\t\t\t\t\tZ\u00e1mek JH\t\t\t\t\t\t<\/a><br \/>\n\t\t\t\t\t<\/h3>\n<p>\n\t\t\t\t\t\tVzd\u00e1lenost: &lt;10 km<br \/> <br \/>\nv\u00edce na odkaze: <br \/>\n<b>Klikni na ikonku.<\/b>\t\t\t\t\t<\/p>\n<p>\t\t\t\t<a href=\"http:\/\/jhmd.cz\/\" tabindex=\"-1\"><br \/>\n\t\t\t\t<svg aria-hidden=\"true\" viewBox=\"0 0 448 512\" xmlns=\"http:\/\/www.w3.org\/2000\/svg\"><path d=\"M448 96v256c0 51.815-61.624 96-130.022 96l62.98 49.721C386.905 502.417 383.562 512 376 512H72c-7.578 0-10.892-9.594-4.957-14.279L130.022 448C61.82 448 0 403.954 0 352V96C0 42.981 64 0 128 0h192c65 0 128 42.981 128 96zm-48 136V120c0-13.255-10.745-24-24-24H72c-13.255 0-24 10.745-24 24v112c0 13.255 10.745 24 24 24h304c13.255 0 24-10.745 24-24zm-176 64c-30.928 0-56 25.072-56 56s25.072 56 56 56 56-25.072 56-56-25.072-56-56-56z\"><\/path><\/svg>\t\t\t\t<\/a><\/p>\n<h3>\n\t\t\t\t\t\t<a href=\"http:\/\/jhmd.cz\/\" ><br \/>\n\t\t\t\t\t\t\t\u00dazkokolejka\t\t\t\t\t\t<\/a><br \/>\n\t\t\t\t\t<\/h3>\n<p>\n\t\t\t\t\t\tVzd\u00e1lenost: &lt;100 m<br \/> <br \/>\nv\u00edce na odkaze: <br \/>\n<b>Klikni na ikonku.<\/b>\t\t\t\t\t<\/p>\n<p>\t\t\t\t<a href=\"https:\/\/www.hrad-landstejn.cz\/cs\" tabindex=\"-1\"><br \/>\n\t\t\t\t<svg aria-hidden=\"true\" viewBox=\"0 0 576 512\" xmlns=\"http:\/\/www.w3.org\/2000\/svg\"><path d=\"M560 448h-16V96H32v352H16.02c-8.84 0-16 7.16-16 16v32c0 8.84 7.16 16 16 16H176c8.84 0 16-7.16 16-16V320c0-53.02 42.98-96 96-96s96 42.98 96 96l.02 160v16c0 8.84 7.16 16 16 16H560c8.84 0 16-7.16 16-16v-32c0-8.84-7.16-16-16-16zm0-448H16C7.16 0 0 7.16 0 16v32c0 8.84 7.16 16 16 16h544c8.84 0 16-7.16 16-16V16c0-8.84-7.16-16-16-16z\"><\/path><\/svg>\t\t\t\t<\/a><\/p>\n<h3>\n\t\t\t\t\t\t<a href=\"https:\/\/www.hrad-landstejn.cz\/cs\" ><br \/>\n\t\t\t\t\t\t\thrad Land\u0161tejn\t\t\t\t\t\t<\/a><br \/>\n\t\t\t\t\t<\/h3>\n<p>\n\t\t\t\t\t\tVzd\u00e1lenost: &lt;23 km<br \/> <br \/>\nv\u00edce na odkaze: <br \/>\n<b>Klikni na ikonku.<\/b>\t\t\t\t\t<\/p>\n<p>\t\t\t\t<a href=\"https:\/\/www.slavonice-mesto.cz\/\" tabindex=\"-1\"><br \/>\n\t\t\t\t<svg aria-hidden=\"true\" viewBox=\"0 0 640 512\" xmlns=\"http:\/\/www.w3.org\/2000\/svg\"><path d=\"M616 192H480V24c0-13.26-10.74-24-24-24H312c-13.26 0-24 10.74-24 24v72h-64V16c0-8.84-7.16-16-16-16h-16c-8.84 0-16 7.16-16 16v80h-64V16c0-8.84-7.16-16-16-16H80c-8.84 0-16 7.16-16 16v80H24c-13.26 0-24 10.74-24 24v360c0 17.67 14.33 32 32 32h576c17.67 0 32-14.33 32-32V216c0-13.26-10.75-24-24-24zM128 404c0 6.63-5.37 12-12 12H76c-6.63 0-12-5.37-12-12v-40c0-6.63 5.37-12 12-12h40c6.63 0 12 5.37 12 12v40zm0-96c0 6.63-5.37 12-12 12H76c-6.63 0-12-5.37-12-12v-40c0-6.63 5.37-12 12-12h40c6.63 0 12 5.37 12 12v40zm0-96c0 6.63-5.37 12-12 12H76c-6.63 0-12-5.37-12-12v-40c0-6.63 5.37-12 12-12h40c6.63 0 12 5.37 12 12v40zm128 192c0 6.63-5.37 12-12 12h-40c-6.63 0-12-5.37-12-12v-40c0-6.63 5.37-12 12-12h40c6.63 0 12 5.37 12 12v40zm0-96c0 6.63-5.37 12-12 12h-40c-6.63 0-12-5.37-12-12v-40c0-6.63 5.37-12 12-12h40c6.63 0 12 5.37 12 12v40zm0-96c0 6.63-5.37 12-12 12h-40c-6.63 0-12-5.37-12-12v-40c0-6.63 5.37-12 12-12h40c6.63 0 12 5.37 12 12v40zm160 96c0 6.63-5.37 12-12 12h-40c-6.63 0-12-5.37-12-12v-40c0-6.63 5.37-12 12-12h40c6.63 0 12 5.37 12 12v40zm0-96c0 6.63-5.37 12-12 12h-40c-6.63 0-12-5.37-12-12v-40c0-6.63 5.37-12 12-12h40c6.63 0 12 5.37 12 12v40zm0-96c0 6.63-5.37 12-12 12h-40c-6.63 0-12-5.37-12-12V76c0-6.63 5.37-12 12-12h40c6.63 0 12 5.37 12 12v40zm160 288c0 6.63-5.37 12-12 12h-40c-6.63 0-12-5.37-12-12v-40c0-6.63 5.37-12 12-12h40c6.63 0 12 5.37 12 12v40zm0-96c0 6.63-5.37 12-12 12h-40c-6.63 0-12-5.37-12-12v-40c0-6.63 5.37-12 12-12h40c6.63 0 12 5.37 12 12v40z\"><\/path><\/svg>\t\t\t\t<\/a><\/p>\n<h3>\n\t\t\t\t\t\t<a href=\"https:\/\/www.slavonice-mesto.cz\/\" ><br \/>\n\t\t\t\t\t\t\tSlavonice\t\t\t\t\t\t<\/a><br \/>\n\t\t\t\t\t<\/h3>\n<p>\n\t\t\t\t\t\tVzd\u00e1lenost: &lt;28 km<br \/> <br \/>\nv\u00edce na odkaze: <br \/>\n<b>Klikni na ikonku.<\/b>\t\t\t\t\t<\/p>\n<p>\t\t\t\t<a href=\"https:\/\/www.telc.eu\/\" tabindex=\"-1\"><br \/>\n\t\t\t\t<svg aria-hidden=\"true\" viewBox=\"0 0 640 512\" xmlns=\"http:\/\/www.w3.org\/2000\/svg\"><path d=\"M616 192H480V24c0-13.26-10.74-24-24-24H312c-13.26 0-24 10.74-24 24v72h-64V16c0-8.84-7.16-16-16-16h-16c-8.84 0-16 7.16-16 16v80h-64V16c0-8.84-7.16-16-16-16H80c-8.84 0-16 7.16-16 16v80H24c-13.26 0-24 10.74-24 24v360c0 17.67 14.33 32 32 32h576c17.67 0 32-14.33 32-32V216c0-13.26-10.75-24-24-24zM128 404c0 6.63-5.37 12-12 12H76c-6.63 0-12-5.37-12-12v-40c0-6.63 5.37-12 12-12h40c6.63 0 12 5.37 12 12v40zm0-96c0 6.63-5.37 12-12 12H76c-6.63 0-12-5.37-12-12v-40c0-6.63 5.37-12 12-12h40c6.63 0 12 5.37 12 12v40zm0-96c0 6.63-5.37 12-12 12H76c-6.63 0-12-5.37-12-12v-40c0-6.63 5.37-12 12-12h40c6.63 0 12 5.37 12 12v40zm128 192c0 6.63-5.37 12-12 12h-40c-6.63 0-12-5.37-12-12v-40c0-6.63 5.37-12 12-12h40c6.63 0 12 5.37 12 12v40zm0-96c0 6.63-5.37 12-12 12h-40c-6.63 0-12-5.37-12-12v-40c0-6.63 5.37-12 12-12h40c6.63 0 12 5.37 12 12v40zm0-96c0 6.63-5.37 12-12 12h-40c-6.63 0-12-5.37-12-12v-40c0-6.63 5.37-12 12-12h40c6.63 0 12 5.37 12 12v40zm160 96c0 6.63-5.37 12-12 12h-40c-6.63 0-12-5.37-12-12v-40c0-6.63 5.37-12 12-12h40c6.63 0 12 5.37 12 12v40zm0-96c0 6.63-5.37 12-12 12h-40c-6.63 0-12-5.37-12-12v-40c0-6.63 5.37-12 12-12h40c6.63 0 12 5.37 12 12v40zm0-96c0 6.63-5.37 12-12 12h-40c-6.63 0-12-5.37-12-12V76c0-6.63 5.37-12 12-12h40c6.63 0 12 5.37 12 12v40zm160 288c0 6.63-5.37 12-12 12h-40c-6.63 0-12-5.37-12-12v-40c0-6.63 5.37-12 12-12h40c6.63 0 12 5.37 12 12v40zm0-96c0 6.63-5.37 12-12 12h-40c-6.63 0-12-5.37-12-12v-40c0-6.63 5.37-12 12-12h40c6.63 0 12 5.37 12 12v40z\"><\/path><\/svg>\t\t\t\t<\/a><\/p>\n<h3>\n\t\t\t\t\t\t<a href=\"https:\/\/www.telc.eu\/\" ><br \/>\n\t\t\t\t\t\t\tTel\u010d\t\t\t\t\t\t<\/a><br \/>\n\t\t\t\t\t<\/h3>\n<p>\n\t\t\t\t\t\tVzd\u00e1lenost: &lt;28 km<br \/> <br \/>\nv\u00edce na odkaze: <br \/>\n<b>Klikni na ikonku.<\/b>\t\t\t\t\t<\/p>\n<p>\t\t\t\t<a href=\"https:\/\/www.golfmonachus.cz\/\" tabindex=\"-1\"><br \/>\n\t\t\t\t<svg aria-hidden=\"true\" viewBox=\"0 0 416 512\" xmlns=\"http:\/\/www.w3.org\/2000\/svg\"><path d=\"M96 416h224c0 17.7-14.3 32-32 32h-16c-17.7 0-32 14.3-32 32v20c0 6.6-5.4 12-12 12h-40c-6.6 0-12-5.4-12-12v-20c0-17.7-14.3-32-32-32h-16c-17.7 0-32-14.3-32-32zm320-208c0 74.2-39 139.2-97.5 176h-221C39 347.2 0 282.2 0 208 0 93.1 93.1 0 208 0s208 93.1 208 208zm-180.1 43.9c18.3 0 33.1-14.8 33.1-33.1 0-14.4-9.3-26.3-22.1-30.9 9.6 26.8-15.6 51.3-41.9 41.9 4.6 12.8 16.5 22.1 30.9 22.1zm49.1 46.9c0-14.4-9.3-26.3-22.1-30.9 9.6 26.8-15.6 51.3-41.9 41.9 4.6 12.8 16.5 22.1 30.9 22.1 18.3 0 33.1-14.9 33.1-33.1zm64-64c0-14.4-9.3-26.3-22.1-30.9 9.6 26.8-15.6 51.3-41.9 41.9 4.6 12.8 16.5 22.1 30.9 22.1 18.3 0 33.1-14.9 33.1-33.1z\"><\/path><\/svg>\t\t\t\t<\/a><\/p>\n<h3>\n\t\t\t\t\t\t<a href=\"https:\/\/www.golfmonachus.cz\/\" ><br \/>\n\t\t\t\t\t\t\tGolf \t\t\t\t\t\t<\/a><br \/>\n\t\t\t\t\t<\/h3>\n<p>\n\t\t\t\t\t\tVzd\u00e1lenost: &lt;22 km<br \/> <br \/>\nv\u00edce na odkaze: <br \/>\n<b>Klikni na ikonku.<\/b>\t\t\t\t\t<\/p>\n<p>\t\t\t\t<a href=\"http:\/\/slavonicebunkry.eu\/\" tabindex=\"-1\"><br \/>\n\t\t\t\t<svg aria-hidden=\"true\" viewBox=\"0 0 512 512\" xmlns=\"http:\/\/www.w3.org\/2000\/svg\"><path d=\"M489.2 287.9h-27.4c-2.6 0-4.6 2-4.6 4.6v32h-36.6V146.2c0-2.6-2-4.6-4.6-4.6h-27.4c-2.6 0-4.6 2-4.6 4.6v32h-36.6v-32c0-2.6-2-4.6-4.6-4.6h-27.4c-2.6 0-4.6 2-4.6 4.6v32h-36.6v-32c0-6-8-4.6-11.7-4.6v-38c8.3-2 17.1-3.4 25.7-3.4 10.9 0 20.9 4.3 31.4 4.3 4.6 0 27.7-1.1 27.7-8v-60c0-2.6-2-4.6-4.6-4.6-5.1 0-15.1 4.3-24 4.3-9.7 0-20.9-4.3-32.6-4.3-8 0-16 1.1-23.7 2.9v-4.9c5.4-2.6 9.1-8.3 9.1-14.3 0-20.7-31.4-20.8-31.4 0 0 6 3.7 11.7 9.1 14.3v111.7c-3.7 0-11.7-1.4-11.7 4.6v32h-36.6v-32c0-2.6-2-4.6-4.6-4.6h-27.4c-2.6 0-4.6 2-4.6 4.6v32H128v-32c0-2.6-2-4.6-4.6-4.6H96c-2.6 0-4.6 2-4.6 4.6v178.3H54.8v-32c0-2.6-2-4.6-4.6-4.6H22.8c-2.6 0-4.6 2-4.6 4.6V512h182.9v-96c0-72.6 109.7-72.6 109.7 0v96h182.9V292.5c.1-2.6-1.9-4.6-4.5-4.6zm-288.1-4.5c0 2.6-2 4.6-4.6 4.6h-27.4c-2.6 0-4.6-2-4.6-4.6v-64c0-2.6 2-4.6 4.6-4.6h27.4c2.6 0 4.6 2 4.6 4.6v64zm146.4 0c0 2.6-2 4.6-4.6 4.6h-27.4c-2.6 0-4.6-2-4.6-4.6v-64c0-2.6 2-4.6 4.6-4.6h27.4c2.6 0 4.6 2 4.6 4.6v64z\"><\/path><\/svg>\t\t\t\t<\/a><\/p>\n<h3>\n\t\t\t\t\t\t<a href=\"http:\/\/slavonicebunkry.eu\/\" ><br \/>\n\t\t\t\t\t\t\tBunkry\t\t\t\t\t\t<\/a><br \/>\n\t\t\t\t\t<\/h3>\n<p>\n\t\t\t\t\t\tVzd\u00e1lenost: &lt;25 km<br \/> <br \/>\nv\u00edce na odkaze: <br \/>\n<b>Klikni na ikonku.<\/b>\t\t\t\t\t<\/p>\n<p>\t\t\t\t<a href=\"https:\/\/muzeumveteranu.cz\/\" tabindex=\"-1\"><br \/>\n\t\t\t\t<svg aria-hidden=\"true\" viewBox=\"0 0 640 512\" xmlns=\"http:\/\/www.w3.org\/2000\/svg\"><path d=\"M544 192h-16L419.22 56.02A64.025 64.025 0 0 0 369.24 32H155.33c-26.17 0-49.7 15.93-59.42 40.23L48 194.26C20.44 201.4 0 226.21 0 256v112c0 8.84 7.16 16 16 16h48c0 53.02 42.98 96 96 96s96-42.98 96-96h128c0 53.02 42.98 96 96 96s96-42.98 96-96h48c8.84 0 16-7.16 16-16v-80c0-53.02-42.98-96-96-96zM160 432c-26.47 0-48-21.53-48-48s21.53-48 48-48 48 21.53 48 48-21.53 48-48 48zm72-240H116.93l38.4-96H232v96zm48 0V96h89.24l76.8 96H280zm200 240c-26.47 0-48-21.53-48-48s21.53-48 48-48 48 21.53 48 48-21.53 48-48 48z\"><\/path><\/svg>\t\t\t\t<\/a><\/p>\n<h3>\n\t\t\t\t\t\t<a href=\"https:\/\/muzeumveteranu.cz\/\" ><br \/>\n\t\t\t\t\t\t\tmuzeum Aut\t\t\t\t\t\t<\/a><br \/>\n\t\t\t\t\t<\/h3>\n<p>\n\t\t\t\t\t\tVzd\u00e1lenost: &lt;22 km<br \/> <br \/>\nv\u00edce na odkaze: <br \/>\n<b>Klikni na ikonku.<\/b>\t\t\t\t\t<\/p>\n<p>\t\t\t\t<a href=\"https:\/\/muzeumveteranu.cz\/\" tabindex=\"-1\"><br \/>\n\t\t\t\t<svg aria-hidden=\"true\" viewBox=\"0 0 384 512\" xmlns=\"http:\/\/www.w3.org\/2000\/svg\"><path d=\"M378.31 378.49L298.42 288h30.63c9.01 0 16.98-5 20.78-13.06 3.8-8.04 2.55-17.26-3.28-24.05L268.42 160h28.89c9.1 0 17.3-5.35 20.86-13.61 3.52-8.13 1.86-17.59-4.24-24.08L203.66 4.83c-6.03-6.45-17.28-6.45-23.32 0L70.06 122.31c-6.1 6.49-7.75 15.95-4.24 24.08C69.38 154.65 77.59 160 86.69 160h28.89l-78.14 90.91c-5.81 6.78-7.06 15.99-3.27 24.04C37.97 283 45.93 288 54.95 288h30.63L5.69 378.49c-6 6.79-7.36 16.09-3.56 24.26 3.75 8.05 12 13.25 21.01 13.25H160v24.45l-30.29 48.4c-5.32 10.64 2.42 23.16 14.31 23.16h95.96c11.89 0 19.63-12.52 14.31-23.16L224 440.45V416h136.86c9.01 0 17.26-5.2 21.01-13.25 3.8-8.17 2.44-17.47-3.56-24.26z\"><\/path><\/svg>\t\t\t\t<\/a><\/p>\n<h3>\n\t\t\t\t\t\t<a href=\"https:\/\/muzeumveteranu.cz\/\" ><br \/>\n\t\t\t\t\t\t\tJind\u0159i\u0161sk\u00e9 \u00fadol\u00ed\t\t\t\t\t\t<\/a><br \/>\n\t\t\t\t\t<\/h3>\n<p>\n\t\t\t\t\t\tVzd\u00e1lenost: &lt;8 km<br \/> <br \/>\nv\u00edce na odkaze: <br \/>\n<b>Klikni na ikonku.<\/b>\t\t\t\t\t<\/p>\n<h2>Kontakt<\/h2>\n<p>\t\t\t\t<svg aria-hidden=\"true\" viewBox=\"0 0 512 512\" xmlns=\"http:\/\/www.w3.org\/2000\/svg\"><path d=\"M497.39 361.8l-112-48a24 24 0 0 0-28 6.9l-49.6 60.6A370.66 370.66 0 0 1 130.6 204.11l60.6-49.6a23.94 23.94 0 0 0 6.9-28l-48-112A24.16 24.16 0 0 0 122.6.61l-104 24A24 24 0 0 0 0 48c0 256.5 207.9 464 464 464a24 24 0 0 0 23.4-18.6l24-104a24.29 24.29 0 0 0-14.01-27.6z\"><\/path><\/svg>\t\t\t\t<\/p>\n<h3>\n\t\t\t\t\t\t\t+420 777 700 310<br \/>\n\t\t\t\t\t<\/h3>\n<p>\t\t\t\t<svg aria-hidden=\"true\" viewBox=\"0 0 512 512\" xmlns=\"http:\/\/www.w3.org\/2000\/svg\"><path d=\"M502.3 190.8c3.9-3.1 9.7-.2 9.7 4.7V400c0 26.5-21.5 48-48 48H48c-26.5 0-48-21.5-48-48V195.6c0-5 5.7-7.8 9.7-4.7 22.4 17.4 52.1 39.5 154.1 113.6 21.1 15.4 56.7 47.8 92.2 47.6 35.7.3 72-32.8 92.3-47.6 102-74.1 131.6-96.3 154-113.7zM256 320c23.2.4 56.6-29.2 73.4-41.4 132.7-96.3 142.8-104.7 173.4-128.7 5.8-4.5 9.2-11.5 9.2-18.9v-19c0-26.5-21.5-48-48-48H48C21.5 64 0 85.5 0 112v19c0 7.4 3.4 14.3 9.2 18.9 30.6 23.9 40.7 32.4 173.4 128.7 16.8 12.2 50.2 41.8 73.4 41.4z\"><\/path><\/svg>\t\t\t\t<\/p>\n<h3>\n\t\t\t\t\t\t\tinfo@naratmirak.cz<br \/>\n\t\t\t\t\t<\/h3>\n<p>\t\t\t\t<svg aria-hidden=\"true\" viewBox=\"0 0 384 512\" xmlns=\"http:\/\/www.w3.org\/2000\/svg\"><path d=\"M172.268 501.67C26.97 291.031 0 269.413 0 192 0 85.961 85.961 0 192 0s192 85.961 192 192c0 77.413-26.97 99.031-172.268 309.67-9.535 13.774-29.93 13.773-39.464 0zM192 272c44.183 0 80-35.817 80-80s-35.817-80-80-80-80 35.817-80 80 35.817 80 80 80z\"><\/path><\/svg>\t\t\t\t<\/p>\n<h3>\n\t\t\t\t\t\t\tMal\u00fd Ratm\u00edrov \u010d.p. 34, 377 01<br \/>\n\t\t\t\t\t<\/h3>\n<p>\t\t\t<iframe loading=\"lazy\"\n\t\t\t\t\tsrc=\"https:\/\/maps.google.com\/maps?q=Na%20Ratm%C3%ADr%C3%A1k%20-%20rekrea%C4%8Dn%C3%AD%20ubytov%C3%A1n%C3%AD%20v%20chatk%C3%A1ch%20Mal%C3%BD%20Ratm%C3%ADrov%2034%2C%20377%2001%20Bla%C5%BEejov-Jind%C5%99ich%C5%AFv%20Hradec%201&#038;t=m&#038;z=11&#038;output=embed&#038;iwloc=near\"\n\t\t\t\t\ttitle=\"Na Ratm\u00edr\u00e1k - rekrea\u010dn\u00ed ubytov\u00e1n\u00ed v chatk\u00e1ch Mal\u00fd Ratm\u00edrov 34, 377 01 Bla\u017eejov-Jind\u0159ich\u016fv Hradec 1\"\n\t\t\t\t\taria-label=\"Na Ratm\u00edr\u00e1k - rekrea\u010dn\u00ed ubytov\u00e1n\u00ed v chatk\u00e1ch Mal\u00fd Ratm\u00edrov 34, 377 01 Bla\u017eejov-Jind\u0159ich\u016fv Hradec 1\"\n\t\t\t><\/iframe><\/p>\n<h2><a href=\"https:\/\/naratmirak.cz\">NaRatmirak.cz \u00a9 2020<\/a><\/h2>\n","protected":false},"excerpt":{"rendered":"<p>NaRatmirak.cz V okol\u00ed se nach\u00e1z\u00ed Baz\u00e9n JH Vzd\u00e1lenost: &lt;10 km v\u00edce na odkaze: Klikni na ikonku. Z\u00e1mek JH Vzd\u00e1lenost: &lt;10 km v\u00edce na odkaze: Klikni na ikonku. \u00dazkokolejka Vzd\u00e1lenost: &lt;100 m v\u00edce na odkaze: Klikni na ikonku. hrad Land\u0161tejn Vzd\u00e1lenost: &lt;23 km v\u00edce na odkaze: Klikni na ikonku. Slavonice Vzd\u00e1lenost: &lt;28 km v\u00edce na odkaze:&hellip; <a class=\"more-link\" href=\"https:\/\/naratmirak.cz\/?page_id=74\">Pokra\u010dovat ve\u00a0\u010dten\u00ed <span class=\"screen-reader-text\">okoli<\/span><\/a><\/p>\n","protected":false},"author":1,"featured_media":0,"parent":0,"menu_order":0,"comment_status":"closed","ping_status":"open","template":"elementor_canvas","meta":{"footnotes":""},"class_list":["post-74","page","type-page","status-publish","hentry","entry"],"_links":{"self":[{"href":"https:\/\/naratmirak.cz\/index.php?rest_route=\/wp\/v2\/pages\/74","targetHints":{"allow":["GET"]}}],"collection":[{"href":"https:\/\/naratmirak.cz\/index.php?rest_route=\/wp\/v2\/pages"}],"about":[{"href":"https:\/\/naratmirak.cz\/index.php?rest_route=\/wp\/v2\/types\/page"}],"author":[{"embeddable":true,"href":"https:\/\/naratmirak.cz\/index.php?rest_route=\/wp\/v2\/users\/1"}],"replies":[{"embeddable":true,"href":"https:\/\/naratmirak.cz\/index.php?rest_route=%2Fwp%2Fv2%2Fcomments&post=74"}],"version-history":[{"count":22,"href":"https:\/\/naratmirak.cz\/index.php?rest_route=\/wp\/v2\/pages\/74\/revisions"}],"predecessor-version":[{"id":184535,"href":"https:\/\/naratmirak.cz\/index.php?rest_route=\/wp\/v2\/pages\/74\/revisions\/184535"}],"wp:attachment":[{"href":"https:\/\/naratmirak.cz\/index.php?rest_route=%2Fwp%2Fv2%2Fmedia&parent=74"}],"curies":[{"name":"wp","href":"https:\/\/api.w.org\/{rel}","templated":true}]}}