{"id":5,"date":"2020-03-23T18:19:31","date_gmt":"2020-03-23T17:19:31","guid":{"rendered":"https:\/\/naratmirak.cz\/?page_id=5"},"modified":"2025-06-11T11:18:38","modified_gmt":"2025-06-11T09:18:38","slug":"uvod","status":"publish","type":"page","link":"https:\/\/naratmirak.cz\/","title":{"rendered":"uvod"},"content":{"rendered":"<p><svg aria-hidden=\"true\" viewBox=\"0 0 576 512\" xmlns=\"http:\/\/www.w3.org\/2000\/svg\"><path d=\"M280.37 148.26L96 300.11V464a16 16 0 0 0 16 16l112.06-.29a16 16 0 0 0 15.92-16V368a16 16 0 0 1 16-16h64a16 16 0 0 1 16 16v95.64a16 16 0 0 0 16 16.05L464 480a16 16 0 0 0 16-16V300L295.67 148.26a12.19 12.19 0 0 0-15.3 0zM571.6 251.47L488 182.56V44.05a12 12 0 0 0-12-12h-56a12 12 0 0 0-12 12v72.61L318.47 43a48 48 0 0 0-61 0L4.34 251.47a12 12 0 0 0-1.6 16.9l25.5 31A12 12 0 0 0 45.15 301l235.22-193.74a12.19 12.19 0 0 1 15.3 0L530.9 301a12 12 0 0 0 16.9-1.6l25.5-31a12 12 0 0 0-1.7-16.93z\"><\/path><\/svg>\t\t\t\t<\/p>\n<h3>\n\t\t\t\t\t\t\tNaRatmirak.cz<br \/>\n\t\t\t\t\t<\/h3>\n<h2>Ubytov\u00e1n\u00ed v chatk\u00e1ch<\/p>\n<p> na Mal\u00e9m Ratm\u00edrov\u011b<\/h2>\n<p>Rekrea\u010dn\u00ed pobyt v chatk\u00e1ch uprost\u0159ed malebn\u00e9 p\u0159\u00edrody jiho\u010desk\u00e9ho kraje. U n\u00e1s si skute\u010dn\u011b odpo\u010dinete!<\/p>\n<p>\t\t\t\t\t\t\t\t<a href=\"https:\/\/naratmirak.cz\/rezervace\/\"><br \/>\n\t\t\t\t\t\t\t\t\tRezervovat<br \/>\n\t\t\t\t\t<\/a><br \/>\n\t\t\t\t<svg xmlns=\"http:\/\/www.w3.org\/2000\/svg\" viewBox=\"0 0 72 81.63\"><title>Datovy\u0301 zdroj 3<\/title><g id=\"Vrstva_2\" data-name=\"Vrstva 2\"><g id=\"Vrstva_1-2\" data-name=\"Vrstva 1\"><path d=\"M59.39,19.51a23.32,23.32,0,0,0-45.94-.42,23.33,23.33,0,1,0,21,41.66V79.63a2,2,0,0,0,4,0V61.16A23.31,23.31,0,0,0,72,40.23,23.4,23.4,0,0,0,59.39,19.51Zm-10.71,40a19.11,19.11,0,0,1-10.27-3V42.87L51.5,35.5a2,2,0,0,0-2-3.48L38.41,38.28V23.17a2,2,0,0,0-4,0V47.3L23.63,37.57a2,2,0,0,0-2.68,3L34.41,52.69V56A19.32,19.32,0,1,1,16,22.34a2,2,0,0,0,1.23-1.59,19.32,19.32,0,0,1,38.33.32,2,2,0,0,0,1.15,1.59,19.32,19.32,0,0,1-8,36.89Z\"><\/path><\/g><\/g><\/svg>\t\t\t\t<\/p>\n<h3>\n\t\t\t\t\t\t\tSpousta zaj\u00edmav\u00fdch m\u00edst v okol\u00ed<br \/>\n\t\t\t\t\t<\/h3>\n<p>\n\t\t\t\t\t\tV okol\u00ed je toho opravdu hodn\u011b, a\u0165 u\u017e si budete cht\u00edt vyj\u00edt na proch\u00e1zku, nebo vyjet autem.\t\t\t\t\t<\/p>\n<p>\t\t\t\t<svg xmlns=\"http:\/\/www.w3.org\/2000\/svg\" viewBox=\"0 0 92.5 55.18\"><title>Datov\u00fd zdroj 2<\/title><g id=\"Vrstva_2\" data-name=\"Vrstva 2\"><g id=\"Vrstva_1-2\" data-name=\"Vrstva 1\"><path d=\"M74.51,19.19a18,18,0,0,0-2.77.24L67.53,4h8a2,2,0,0,0,0-4H64.91A2,2,0,0,0,63,2.53l2.51,9.2H34.92V9.33h6.53a2,2,0,0,0,0-4H28.66a2,2,0,0,0,0,4h2.26v3.82l-5,7.9A17.81,17.81,0,0,0,18,19.19a18,18,0,1,0,17.88,20h7.78a1.84,1.84,0,0,0,.33,0l.13,0a2,2,0,0,0,.26-.09h0l.11-.07a1.18,1.18,0,0,0,.19-.11l.15-.11.11-.09L67.06,17.5l.81,3a18,18,0,1,0,6.64-1.28ZM32.63,17.92l7.85,17.27H35.87a18,18,0,0,0-6.6-12Zm-.8,17.27H21.64l5.47-8.6A14,14,0,0,1,31.83,35.19ZM18,51.18a14,14,0,1,1,5.75-26.74L16.31,36.11A2,2,0,0,0,18,39.19H31.83A14,14,0,0,1,18,51.18ZM44.24,33.79,36,15.73H63.12ZM74.51,51.18a14,14,0,0,1-5.58-26.82l3.65,13.35a2,2,0,0,0,1.92,1.48,2.33,2.33,0,0,0,.53-.07,2,2,0,0,0,1.41-2.46L72.79,23.31a14,14,0,1,1,1.72,27.87Z\"><\/path><\/g><\/g><\/svg>\t\t\t\t<\/p>\n<h3>\n\t\t\t\t\t\t\tSkv\u011bl\u00e1 p\u0159\u00edle\u017eitost pro cyklistiku<br \/>\n\t\t\t\t\t<\/h3>\n<p>\n\t\t\t\t\t\tJe zde spousta poln\u00edch cest, ale i silni\u010dek, provoz je zde mal\u00fd, tak\u017ee se m\u016f\u017eete po\u0159\u00e1dn\u011b   projet.\t\t\t\t\t<\/p>\n<p>\t\t\t\t<svg xmlns=\"http:\/\/www.w3.org\/2000\/svg\" viewBox=\"0 0 76.62 61\"><title>Datov\u00fd zdroj 1<\/title><g id=\"Vrstva_2\" data-name=\"Vrstva 2\"><g id=\"Vrstva_1-2\" data-name=\"Vrstva 1\"><path d=\"M75.86,27.76,60,15.14V3.56a2,2,0,0,0-2-2H51.33a2,2,0,0,0-2,2v3.1L41.51.43A2,2,0,0,0,39.1.37L.84,27.7A2,2,0,0,0,3.16,31l7.49-5.35V59a2,2,0,0,0,2,2H64a2,2,0,0,0,2-2V25l7.4,5.89a2,2,0,0,0,2.49-3.13ZM53.33,5.56H56V12L53.33,9.84ZM33.67,57V43.77a4.64,4.64,0,0,1,9.28,0V57ZM62,22.3V57H47V43.77a8.64,8.64,0,0,0-17.28,0V57h-15V22.75L40.2,4.5,62,21.86A2.12,2.12,0,0,0,62,22.3Z\"><\/path><\/g><\/g><\/svg>\t\t\t\t<\/p>\n<h3>\n\t\t\t\t\t\t\tP\u0159\u00edjemn\u00e9 ubytov\u00e1n\u00ed v \u010dist\u00e9 p\u0159\u00edrod\u011b<br \/>\n\t\t\t\t\t<\/h3>\n<p>\n\t\t\t\t\t\tP\u0159\u00edjemn\u00e9 ubytov\u00e1n\u00ed v centru vesni\u010dky Mal\u00fd Ratm\u00edrov, ide\u00e1ln\u00ed dovolen\u00e1 pro rodiny \u010di  seniory.\t\t\t\t\t<\/p>\n<p>\t\t\t\t\t\t\t<a href=\"https:\/\/naratmirak.cz\/wp-content\/uploads\/2020\/03\/3.png\" data-elementor-open-lightbox=\"yes\" data-elementor-lightbox-slideshow=\"fa90517\" data-elementor-lightbox-title=\"3\" data-e-action-hash=\"#elementor-action%3Aaction%3Dlightbox%26settings%3DeyJpZCI6MzgsInVybCI6Imh0dHBzOlwvXC9uYXJhdG1pcmFrLmN6XC93cC1jb250ZW50XC91cGxvYWRzXC8yMDIwXC8wM1wvMy5wbmciLCJzbGlkZXNob3ciOiJmYTkwNTE3In0%3D\"><br \/>\n\t\t<\/a><br \/>\n\t\t\t\t\t\t\t<a href=\"https:\/\/naratmirak.cz\/wp-content\/uploads\/2020\/03\/4.png\" data-elementor-open-lightbox=\"yes\" data-elementor-lightbox-slideshow=\"fa90517\" data-elementor-lightbox-title=\"4\" data-e-action-hash=\"#elementor-action%3Aaction%3Dlightbox%26settings%3DeyJpZCI6NDIsInVybCI6Imh0dHBzOlwvXC9uYXJhdG1pcmFrLmN6XC93cC1jb250ZW50XC91cGxvYWRzXC8yMDIwXC8wM1wvNC5wbmciLCJzbGlkZXNob3ciOiJmYTkwNTE3In0%3D\"><br \/>\n\t\t<\/a><br \/>\n\t\t\t\t\t\t\t<a href=\"https:\/\/naratmirak.cz\/wp-content\/uploads\/2020\/03\/1.png\" data-elementor-open-lightbox=\"yes\" data-elementor-lightbox-slideshow=\"fa90517\" data-elementor-lightbox-title=\"1\" data-e-action-hash=\"#elementor-action%3Aaction%3Dlightbox%26settings%3DeyJpZCI6MzksInVybCI6Imh0dHBzOlwvXC9uYXJhdG1pcmFrLmN6XC93cC1jb250ZW50XC91cGxvYWRzXC8yMDIwXC8wM1wvMS5wbmciLCJzbGlkZXNob3ciOiJmYTkwNTE3In0%3D\"><br \/>\n\t\t<\/a><br \/>\n\t\t\t\t\t\t\t<svg aria-hidden=\"true\" viewBox=\"0 0 1000 1000\" xmlns=\"http:\/\/www.w3.org\/2000\/svg\"><path d=\"M646 125C629 125 613 133 604 142L308 442C296 454 292 471 292 487 292 504 296 521 308 533L604 854C617 867 629 875 646 875 663 875 679 871 692 858 704 846 713 829 713 812 713 796 708 779 692 767L438 487 692 225C700 217 708 204 708 187 708 171 704 154 692 142 675 129 663 125 646 125Z\"><\/path><\/svg>\t\t\t\t\t\t\tPrevious<br \/>\n\t\t\t\t\t\t\t<svg aria-hidden=\"true\" viewBox=\"0 0 1000 1000\" xmlns=\"http:\/\/www.w3.org\/2000\/svg\"><path d=\"M696 533C708 521 713 504 713 487 713 471 708 454 696 446L400 146C388 133 375 125 354 125 338 125 325 129 313 142 300 154 292 171 292 187 292 204 296 221 308 233L563 492 304 771C292 783 288 800 288 817 288 833 296 850 308 863 321 871 338 875 354 875 371 875 388 867 400 854L696 533Z\"><\/path><\/svg>\t\t\t\t\t\t\tNext<\/p>\n<h2>Provozovatel:<br \/>\n  Paradise Club, s.r.o, Sibi\u0159sk\u00e1 390\/III, J. Hradec, 377 01 I\u010c:26016567, DI\u010c:26016567<br \/>\n<\/h2>\n<p>\t\t\t\t<a href=\"tel:\" tabindex=\"-1\" aria-label=\"+420 777 700 310\"><br \/>\n\t\t\t\t<svg aria-hidden=\"true\" viewBox=\"0 0 512 512\" xmlns=\"http:\/\/www.w3.org\/2000\/svg\"><path d=\"M497.39 361.8l-112-48a24 24 0 0 0-28 6.9l-49.6 60.6A370.66 370.66 0 0 1 130.6 204.11l60.6-49.6a23.94 23.94 0 0 0 6.9-28l-48-112A24.16 24.16 0 0 0 122.6.61l-104 24A24 24 0 0 0 0 48c0 256.5 207.9 464 464 464a24 24 0 0 0 23.4-18.6l24-104a24.29 24.29 0 0 0-14.01-27.6z\"><\/path><\/svg>\t\t\t\t<\/a><\/p>\n<h3>\n\t\t\t\t\t\t<a href=\"tel:\" ><br \/>\n\t\t\t\t\t\t\t+420 777 700 310\t\t\t\t\t\t<\/a><br \/>\n\t\t\t\t\t<\/h3>\n<p>\t\t\t\t<a href=\"mailto:info@naratmirak.cz\" tabindex=\"-1\" aria-label=\"info@naratmirak.cz\"><br \/>\n\t\t\t\t<svg aria-hidden=\"true\" viewBox=\"0 0 512 512\" xmlns=\"http:\/\/www.w3.org\/2000\/svg\"><path d=\"M502.3 190.8c3.9-3.1 9.7-.2 9.7 4.7V400c0 26.5-21.5 48-48 48H48c-26.5 0-48-21.5-48-48V195.6c0-5 5.7-7.8 9.7-4.7 22.4 17.4 52.1 39.5 154.1 113.6 21.1 15.4 56.7 47.8 92.2 47.6 35.7.3 72-32.8 92.3-47.6 102-74.1 131.6-96.3 154-113.7zM256 320c23.2.4 56.6-29.2 73.4-41.4 132.7-96.3 142.8-104.7 173.4-128.7 5.8-4.5 9.2-11.5 9.2-18.9v-19c0-26.5-21.5-48-48-48H48C21.5 64 0 85.5 0 112v19c0 7.4 3.4 14.3 9.2 18.9 30.6 23.9 40.7 32.4 173.4 128.7 16.8 12.2 50.2 41.8 73.4 41.4z\"><\/path><\/svg>\t\t\t\t<\/a><\/p>\n<h3>\n\t\t\t\t\t\t<a href=\"mailto:info@naratmirak.cz\" ><br \/>\n\t\t\t\t\t\t\tinfo@naratmirak.cz\t\t\t\t\t\t<\/a><br \/>\n\t\t\t\t\t<\/h3>\n<p>\t\t\t\t<svg aria-hidden=\"true\" viewBox=\"0 0 384 512\" xmlns=\"http:\/\/www.w3.org\/2000\/svg\"><path d=\"M172.268 501.67C26.97 291.031 0 269.413 0 192 0 85.961 85.961 0 192 0s192 85.961 192 192c0 77.413-26.97 99.031-172.268 309.67-9.535 13.774-29.93 13.773-39.464 0zM192 272c44.183 0 80-35.817 80-80s-35.817-80-80-80-80 35.817-80 80 35.817 80 80 80z\"><\/path><\/svg>\t\t\t\t<\/p>\n<h3>\n\t\t\t\t\t\t\tMal\u00fd Ratm\u00edrov \u010d.p. 34, 377 01<br \/>\n\t\t\t\t\t<\/h3>\n<p>\t\t\t<iframe loading=\"lazy\"\n\t\t\t\t\tsrc=\"https:\/\/maps.google.com\/maps?q=Na%20Ratm%C3%ADr%C3%A1k%20-%20rekrea%C4%8Dn%C3%AD%20ubytov%C3%A1n%C3%AD%20v%20chatk%C3%A1ch%20Mal%C3%BD%20Ratm%C3%ADrov%2034%2C%20377%2001%20Bla%C5%BEejov-Jind%C5%99ich%C5%AFv%20Hradec%201&#038;t=m&#038;z=11&#038;output=embed&#038;iwloc=near\"\n\t\t\t\t\ttitle=\"Na Ratm\u00edr\u00e1k - rekrea\u010dn\u00ed ubytov\u00e1n\u00ed v chatk\u00e1ch Mal\u00fd Ratm\u00edrov 34, 377 01 Bla\u017eejov-Jind\u0159ich\u016fv Hradec 1\"\n\t\t\t\t\taria-label=\"Na Ratm\u00edr\u00e1k - rekrea\u010dn\u00ed ubytov\u00e1n\u00ed v chatk\u00e1ch Mal\u00fd Ratm\u00edrov 34, 377 01 Bla\u017eejov-Jind\u0159ich\u016fv Hradec 1\"\n\t\t\t><\/iframe><\/p>\n<h2><a href=\"https:\/\/naratmirak.cz\">NaRatmirak.cz \u00a9 2020<\/a><\/h2>\n<p>\t\t\t\t\t<a href=\"https:\/\/bingolotoclick.com\/\">\u043b\u043e\u0442\u043e \u043a\u043b\u0443\u0431 \u0441\u043a\u0430\u0447\u0430\u0442\u044c<\/a><\/p>\n","protected":false},"excerpt":{"rendered":"<p>NaRatmirak.cz Ubytov\u00e1n\u00ed v chatk\u00e1ch na Mal\u00e9m Ratm\u00edrov\u011b Rekrea\u010dn\u00ed pobyt v chatk\u00e1ch uprost\u0159ed malebn\u00e9 p\u0159\u00edrody jiho\u010desk\u00e9ho kraje. U n\u00e1s si skute\u010dn\u011b odpo\u010dinete! Rezervovat Datovy\u0301 zdroj 3 Spousta zaj\u00edmav\u00fdch m\u00edst v okol\u00ed V okol\u00ed je toho opravdu hodn\u011b, a\u0165 u\u017e si budete cht\u00edt vyj\u00edt na proch\u00e1zku, nebo vyjet autem. Datov\u00fd zdroj 2 Skv\u011bl\u00e1 p\u0159\u00edle\u017eitost pro cyklistiku Je&hellip; <a class=\"more-link\" href=\"https:\/\/naratmirak.cz\/\">Pokra\u010dovat ve\u00a0\u010dten\u00ed <span class=\"screen-reader-text\">uvod<\/span><\/a><\/p>\n","protected":false},"author":1,"featured_media":0,"parent":0,"menu_order":0,"comment_status":"closed","ping_status":"open","template":"elementor_canvas","meta":{"footnotes":""},"class_list":["post-5","page","type-page","status-publish","hentry","entry"],"_links":{"self":[{"href":"https:\/\/naratmirak.cz\/index.php?rest_route=\/wp\/v2\/pages\/5","targetHints":{"allow":["GET"]}}],"collection":[{"href":"https:\/\/naratmirak.cz\/index.php?rest_route=\/wp\/v2\/pages"}],"about":[{"href":"https:\/\/naratmirak.cz\/index.php?rest_route=\/wp\/v2\/types\/page"}],"author":[{"embeddable":true,"href":"https:\/\/naratmirak.cz\/index.php?rest_route=\/wp\/v2\/users\/1"}],"replies":[{"embeddable":true,"href":"https:\/\/naratmirak.cz\/index.php?rest_route=%2Fwp%2Fv2%2Fcomments&post=5"}],"version-history":[{"count":68,"href":"https:\/\/naratmirak.cz\/index.php?rest_route=\/wp\/v2\/pages\/5\/revisions"}],"predecessor-version":[{"id":185195,"href":"https:\/\/naratmirak.cz\/index.php?rest_route=\/wp\/v2\/pages\/5\/revisions\/185195"}],"wp:attachment":[{"href":"https:\/\/naratmirak.cz\/index.php?rest_route=%2Fwp%2Fv2%2Fmedia&parent=5"}],"curies":[{"name":"wp","href":"https:\/\/api.w.org\/{rel}","templated":true}]}}